{"id":767,"date":"2012-08-27T17:05:46","date_gmt":"2012-08-27T15:05:46","guid":{"rendered":"http:\/\/www.adeas.org\/?page_id=767"},"modified":"2022-01-28T01:34:49","modified_gmt":"2022-01-28T00:34:49","slug":"sabonner","status":"publish","type":"page","link":"https:\/\/www.adeas.org\/index.php\/sabonner\/","title":{"rendered":"S&rsquo;abonner gratuitement"},"content":{"rendered":"<p>Inscrivez-vous et recevez gratuitement nos publications :<\/p>\n<ul>\n<li>La <a href=\"https:\/\/www.adeas.org\/index.php\/category\/lettre-epargne-actionnariat-salaries\/\">Lettre de l\u2019\u00c9pargne et de l&rsquo;Actionnariat salari\u00e9s<\/a>, \u00e9dit\u00e9e\u00a0 environ 3 fois par an<\/li>\n<li>Nos mails d&rsquo;<a href=\"https:\/\/www.adeas.org\/index.php\/category\/en-pratique\/\">information pratique<\/a> \u00e0 chaque fois qu&rsquo;un choix d&rsquo;\u00e9pargne ou une op\u00e9ration vous sont propos\u00e9s<\/li>\n<li>Notre revue de presse mensuelle sur l&rsquo;actualit\u00e9 \u00e9conomique et sociale du Groupe Orange<\/li>\n<li>L&rsquo;info locale de votre \u00e9tablissement<\/li>\n<\/ul>\n<p>Il vous suffit de compl\u00e9ter le formulaire ci-dessous et de le valider.<br \/>\n<em>A noter : ces abonnements sont actuellement r\u00e9serv\u00e9s aux personnels du Groupe Orange en France.<br \/>\nPour que nous puissions enregistrer votre abonnement, tous les champs du formulaire sont obligatoires.<br \/>\n<\/em><\/p>\n<p>Bonne lecture.<\/p>\n\n<div class=\"wpcf7 no-js\" id=\"wpcf7-f766-o1\" lang=\"en-US\" dir=\"ltr\" data-wpcf7-id=\"766\">\n<div class=\"screen-reader-response\"><p role=\"status\" aria-live=\"polite\" aria-atomic=\"true\"><\/p> <ul><\/ul><\/div>\n<form action=\"\/index.php\/wp-json\/wp\/v2\/pages\/767#wpcf7-f766-o1\" method=\"post\" class=\"wpcf7-form init\" aria-label=\"Contact form\" novalidate=\"novalidate\" data-status=\"init\">\n<fieldset class=\"hidden-fields-container\"><input type=\"hidden\" name=\"_wpcf7\" value=\"766\" \/><input type=\"hidden\" name=\"_wpcf7_version\" value=\"6.1.5\" \/><input type=\"hidden\" name=\"_wpcf7_locale\" value=\"en_US\" \/><input type=\"hidden\" name=\"_wpcf7_unit_tag\" value=\"wpcf7-f766-o1\" \/><input type=\"hidden\" name=\"_wpcf7_container_post\" value=\"0\" \/><input type=\"hidden\" name=\"_wpcf7_posted_data_hash\" value=\"\" \/>\n<\/fieldset>\n<p>Votre Nom (obligatoire) <br \/>\n    <span class=\"wpcf7-form-control-wrap\" data-name=\"your-name\"><input size=\"40\" maxlength=\"400\" class=\"wpcf7-form-control wpcf7-text wpcf7-validates-as-required\" id=\"your-name\" aria-required=\"true\" aria-invalid=\"false\" value=\"\" type=\"text\" name=\"your-name\" \/><\/span> <\/p>\n\n<p>Votre Email (obligatoire) <br \/>\n    <span class=\"wpcf7-form-control-wrap\" data-name=\"your-email\"><input size=\"40\" maxlength=\"400\" class=\"wpcf7-form-control wpcf7-email wpcf7-validates-as-required wpcf7-text wpcf7-validates-as-email\" id=\"your-email\" aria-required=\"true\" aria-invalid=\"false\" value=\"\" type=\"email\" name=\"your-email\" \/><\/span> <\/p>\n\n<p>Votre \u00e9tablissement (\u00e9tablissement principal ou filiale d'Orange - Si vous \u00eates en retraite ou en temps lib\u00e9r\u00e9, merci de le mentionner dans ce champ) <br \/>\n   <span class=\"wpcf7-form-control-wrap\" data-name=\"Etablissement\"><input size=\"40\" maxlength=\"400\" class=\"wpcf7-form-control wpcf7-text wpcf7-validates-as-required\" id=\"Etablissement\" aria-required=\"true\" aria-invalid=\"false\" value=\"\" type=\"text\" name=\"Etablissement\" \/><\/span>\n\n<p>Sujet <br \/>\nAbonnement Lettre de l\u2019\u00c9pargne et de l'Actionnariat salari\u00e9s<\/p>\n\n<p>Votre Message<br \/>\n <span class=\"wpcf7-form-control-wrap\" data-name=\"Ddeabonnement\"><textarea cols=\"40\" rows=\"10\" maxlength=\"2000\" class=\"wpcf7-form-control wpcf7-textarea wpcf7-validates-as-required\" id=\"Ddeabonnement\" aria-required=\"true\" aria-invalid=\"false\" name=\"Ddeabonnement\">Je souhaite recevoir, sur l&#039;adresse mail mentionn\u00e9e ci-dessus, la Lettre de l&#039;Epargne et de l&#039;Actionnariat salari\u00e9s co-\u00e9dit\u00e9e par l&#039;ADEAS et la CFE-CGC,  les informations pratiques de l&#039;ADEAS, la revue de presse et les infos locales de mon \u00e9tablissement.<\/textarea><\/span><\/p>\n\n<p><input class=\"wpcf7-form-control wpcf7-submit has-spinner\" type=\"submit\" value=\"Envoyer\" \/><\/p><p style=\"display: none !important;\" class=\"akismet-fields-container\" data-prefix=\"_wpcf7_ak_\"><label>&#916;<textarea name=\"_wpcf7_ak_hp_textarea\" cols=\"45\" rows=\"8\" maxlength=\"100\"><\/textarea><\/label><input type=\"hidden\" id=\"ak_js_1\" name=\"_wpcf7_ak_js\" value=\"154\"\/><script type=\"text\/javascript\">\n\/* <![CDATA[ *\/\ndocument.getElementById( \"ak_js_1\" ).setAttribute( \"value\", ( new Date() ).getTime() );\n\/* ]]> *\/\n<\/script>\n<\/p><div class=\"wpcf7-response-output\" aria-hidden=\"true\"><\/div>\n<\/form>\n<\/div>\n\n<p><em>\u00a0<\/em><\/p>\n<p><em>Les publications de l&rsquo;ADEAS sont r\u00e9alis\u00e9es en coop\u00e9ration avec la CFE-CGC Orange.<\/em><\/p>\n<p><em>Conform\u00e9ment au R\u00e8glement G\u00e9n\u00e9ral de Protection des Donn\u00e9es, et \u00e0 la loi \u00abInformatique et Libert\u00e9s\u00bb modifi\u00e9e en juin 2018, vous b\u00e9n\u00e9ficiez d\u2019un droit d\u2019acc\u00e8s, de rectification et de suppression des informations vous concernant. Vous pouvez exercer vos droits en \u00e9crivant \u00e0 la CFE-CGC Orange, DPO, 10-12 rue Saint Amand, 75015 Paris Cedex 15.<br \/>\nLes coordonn\u00e9es que vous nous communiquez pour vous abonner \u00e0 nos publications sont trait\u00e9es de mani\u00e8re confidentielle et s\u00e9curis\u00e9e, et ne sont en aucun cas communiqu\u00e9es \u00e0 des tiers pour vous adresser autre chose que les abonnements auxquels vous avez souscrit.<\/em><\/p>\n<p><em>Vous pourrez vous d\u00e9sabonner \u00e0 tout moment si vous ne souhaitez plus recevoir nos publications.<\/em><\/p>\n<p><strong>Si vous souhaitez soutenir l&rsquo;action de l&rsquo;ADEAS, vous pouvez <a href=\"https:\/\/www.adeas.org\/index.php\/adherer\/\">adh\u00e9rer<\/a> \u00e0 notre association.<\/strong><\/p>\n","protected":false},"excerpt":{"rendered":"<p>Inscrivez-vous et recevez gratuitement nos publications : La Lettre de l\u2019\u00c9pargne et de l&rsquo;Actionnariat salari\u00e9s, \u00e9dit\u00e9e\u00a0 environ 3 fois par an Nos mails d&rsquo;information pratique \u00e0 chaque fois qu&rsquo;un choix d&rsquo;\u00e9pargne ou une op\u00e9ration vous sont propos\u00e9s Notre revue de presse mensuelle sur l&rsquo;actualit\u00e9 \u00e9conomique et sociale du Groupe Orange L&rsquo;info locale de votre \u00e9tablissement [&hellip;]<\/p>\n","protected":false},"author":1,"featured_media":0,"parent":0,"menu_order":1,"comment_status":"open","ping_status":"closed","template":"","meta":{"_monsterinsights_skip_tracking":false,"_monsterinsights_sitenote_active":false,"_monsterinsights_sitenote_note":"","_monsterinsights_sitenote_category":0,"footnotes":""},"class_list":["post-767","page","type-page","status-publish","hentry"],"_links":{"self":[{"href":"https:\/\/www.adeas.org\/index.php\/wp-json\/wp\/v2\/pages\/767","targetHints":{"allow":["GET"]}}],"collection":[{"href":"https:\/\/www.adeas.org\/index.php\/wp-json\/wp\/v2\/pages"}],"about":[{"href":"https:\/\/www.adeas.org\/index.php\/wp-json\/wp\/v2\/types\/page"}],"author":[{"embeddable":true,"href":"https:\/\/www.adeas.org\/index.php\/wp-json\/wp\/v2\/users\/1"}],"replies":[{"embeddable":true,"href":"https:\/\/www.adeas.org\/index.php\/wp-json\/wp\/v2\/comments?post=767"}],"version-history":[{"count":16,"href":"https:\/\/www.adeas.org\/index.php\/wp-json\/wp\/v2\/pages\/767\/revisions"}],"predecessor-version":[{"id":3366,"href":"https:\/\/www.adeas.org\/index.php\/wp-json\/wp\/v2\/pages\/767\/revisions\/3366"}],"wp:attachment":[{"href":"https:\/\/www.adeas.org\/index.php\/wp-json\/wp\/v2\/media?parent=767"}],"curies":[{"name":"wp","href":"https:\/\/api.w.org\/{rel}","templated":true}]}}