{"id":307,"date":"2010-06-14T14:06:15","date_gmt":"2010-06-14T12:06:15","guid":{"rendered":"http:\/\/www.adeas.org\/?page_id=307"},"modified":"2023-03-09T21:33:05","modified_gmt":"2023-03-09T20:33:05","slug":"vos-codes-de-gestion","status":"publish","type":"page","link":"https:\/\/www.adeas.org\/index.php\/vos-codes-de-gestion\/","title":{"rendered":"Codes de gestion"},"content":{"rendered":"<em>L&rsquo;ADEAS n&rsquo;a aucun moyen d&rsquo;acc\u00e8s aux applications de gestion de votre \u00e9pargne salariale, notamment concernant les renvois d&rsquo;identifiants et mots de passe. Il faut obligatoirement contacter directement les organismes concern\u00e9s.<\/em>\n<h2>Gestion du PEG et du PERCO<\/h2>\n<h3>Le site de gestion Amundi<\/h3>\nD\u00e9di\u00e9 \u00e0 la gestion de vos placements dans les fonds du PEG et du Perco, issus de la participation, de l&rsquo;int\u00e9ressement, ou de vos versements volontaires.\n\nVous y trouvez :\n<ul>\n \t<li>le relev\u00e9 de vos avoirs et de vos op\u00e9rations<\/li>\n \t<li>les cas de d\u00e9blocage anticip\u00e9 de vos avoirs<\/li>\n \t<li>des informations l\u00e9gales et pratiques pour vous aider dans vos choix de placement de votre \u00e9pargne salariale<\/li>\n<\/ul>\nVous pouvez saisir :\n<ul>\n \t<li>vos arbitrages entre les fonds au sein d&rsquo;un m\u00eame dispositif d&rsquo;\u00e9pargne (PEG ou PERCO)<\/li>\n \t<li>vos transferts entre dispositifs (du PEG vers le PERCO et r\u00e9ciproquement)<\/li>\n \t<li>vos versements volontaires<\/li>\n \t<li>vos demandes de remboursements<\/li>\n<\/ul>\n<h4><span style=\"text-decoration: underline;\">Acc\u00e8s<\/span> :\u00a0 <a href=\"https:\/\/epargnant.amundi-ee.com\/#\/connexion\">https:\/\/epargnant.amundi-ee.com\/#\/connexion <\/a><\/h4>\nVos identifiants et mots de passe :\n<ul>\n \t<li>Votre identifiant = votre num\u00e9ro de compte \u00e9pargne entreprise, repris sur les relev\u00e9s de compte adress\u00e9s par Amundi, ainsi que dans les mails vous invitant \u00e0 formuler vos choix de placement de l\u2019int\u00e9ressement ou de la participation<\/li>\n \t<li>Le mot de passe est personnalis\u00e9 par vos soins.<\/li>\n<\/ul>\n<em>Sur la page de connexion, les ic\u00f4nes contenant un point d&rsquo;interrogation en regard de chaque champ de saisie vous renvoient vers la <a href=\"https:\/\/www.adeas.org\/wp-content\/uploads\/2020\/11\/Recuperer-les-codes-Amundi.pdf\">proc\u00e9dure \u00e0 suivre pour r\u00e9cup\u00e9rer ses identifiant et mot de passe<\/a>. <\/em>\n<h2>Gestion des actions Orange au nominatif pur<\/h2>\n<h3>Le site PlanetShares (BNP Paribas)<\/h3>\nD\u00e9di\u00e9 \u00e0 la gestion de vos actions au nominatif pur, notamment les actions gratuites attribu\u00e9es \u00e0 tous les personnels dans le cadre des op\u00e9rations NExT Reward et Orange Vision 2020.\n\nVous y trouvez :\n<ul>\n \t<li>le relev\u00e9 de vos avoirs et de vos droits de vote en Assembl\u00e9e G\u00e9n\u00e9rale des actionnaires d&rsquo;Orange<\/li>\n \t<li>les documents juridiques et pratiques concernant vos relations avec BNP Paribas<\/li>\n \t<li>les liens d&rsquo;acc\u00e8s au vote en ligne des r\u00e9solutions propos\u00e9es chaque ann\u00e9e \u00e0 l&rsquo;Assembl\u00e9e G\u00e9n\u00e9rale des actionnaires d&rsquo;Orange<\/li>\n<\/ul>\n<h4><span style=\"text-decoration: underline;\">Acc\u00e8s :\u00a0 https:\/\/planetshares.uptevia.pro.fr <\/span><\/h4>\n<ul>\n \t<li>votre identifiant de connexion : 01010<\/li>\n \t<li>votre code d&rsquo;acc\u00e8s figure sur l&rsquo;avis d&rsquo;attribution gratuite d&rsquo;actions<\/li>\n \t<li>votre mot de passe vous a \u00e9t\u00e9 initialement transmis par courrier s\u00e9par\u00e9, et est personnalis\u00e9 par vos soins.<\/li>\n<\/ul>\nSi vous avez \u00e9gar\u00e9 vos identifiants de connexion :\n<ul>\n \t<li>cliquer sur le lien \u00ab\u00a0probl\u00e8mes de connexion\u00a0\u00bb en dessous du formulaire d&rsquo;identification<\/li>\n \t<li>vous pouvez aussi contacter le 0800.20.20.20.<\/li>\n<\/ul>\n<h2>Num\u00e9ro Vert de l&rsquo;\u00e9pargne salariale : 0800.20.20.20<\/h2>\n<ul>\n \t<li><strong>Touche 1 : la gestion de votre \u00e9pargne salariale et retraite <\/strong>\n7j\/7 et 24h\/24, vous pouvez conna\u00eetre la situation de votre \u00e9pargne, suivre vos demandes de remboursement ou consulter les valeurs de part des fonds du PEG et du PERCO. Il vous sera possible de joindre un op\u00e9rateur d&rsquo;Amundi du lundi au vendredi de 9h \u00e0 17h. Pour cela, munissez-vous de votre identifiant Amundi et de votre mot de passe.<\/li>\n<\/ul>\n<ul>\n \t<li><strong>\u00a0Touche 2 : la gestion de vos actions au nominatif pur <\/strong>\nCe service vous donne acc\u00e8s \u00e0 des op\u00e9rateurs de BNP Paribas, disponibles du lundi au vendredi de 9h \u00e0 17h pour toute question sur vos actions d\u00e9tenues au nominatif pur.<\/li>\n<\/ul>\n<h2>Toutes les informations sont \u00e9galement sur anoo<\/h2>\nLes textes de r\u00e9f\u00e9rence, l&rsquo;actualit\u00e9 de l&rsquo;\u00e9pargne salariale et les informations pratiques sont \u00e9galement disponibles dans anoo, rubrique \u00ab\u00a0r\u00e9mun\u00e9ration-\u00e9pargne \/ \u00e9pargne salariale\u00a0\u00bb","protected":false},"excerpt":{"rendered":"<p>L&rsquo;ADEAS n&rsquo;a aucun moyen d&rsquo;acc\u00e8s aux applications de gestion de votre \u00e9pargne salariale, notamment concernant les renvois d&rsquo;identifiants et mots de passe. Il faut obligatoirement contacter directement les organismes concern\u00e9s. Gestion du PEG et du PERCO Le site de gestion Amundi D\u00e9di\u00e9 \u00e0 la gestion de vos placements dans les fonds du PEG et du [&hellip;]<\/p>\n","protected":false},"author":3,"featured_media":0,"parent":0,"menu_order":5,"comment_status":"closed","ping_status":"closed","template":"","meta":{"_monsterinsights_skip_tracking":false,"_monsterinsights_sitenote_active":false,"_monsterinsights_sitenote_note":"","_monsterinsights_sitenote_category":0,"footnotes":""},"class_list":["post-307","page","type-page","status-publish","hentry"],"_links":{"self":[{"href":"https:\/\/www.adeas.org\/index.php\/wp-json\/wp\/v2\/pages\/307","targetHints":{"allow":["GET"]}}],"collection":[{"href":"https:\/\/www.adeas.org\/index.php\/wp-json\/wp\/v2\/pages"}],"about":[{"href":"https:\/\/www.adeas.org\/index.php\/wp-json\/wp\/v2\/types\/page"}],"author":[{"embeddable":true,"href":"https:\/\/www.adeas.org\/index.php\/wp-json\/wp\/v2\/users\/3"}],"replies":[{"embeddable":true,"href":"https:\/\/www.adeas.org\/index.php\/wp-json\/wp\/v2\/comments?post=307"}],"version-history":[{"count":18,"href":"https:\/\/www.adeas.org\/index.php\/wp-json\/wp\/v2\/pages\/307\/revisions"}],"predecessor-version":[{"id":3730,"href":"https:\/\/www.adeas.org\/index.php\/wp-json\/wp\/v2\/pages\/307\/revisions\/3730"}],"wp:attachment":[{"href":"https:\/\/www.adeas.org\/index.php\/wp-json\/wp\/v2\/media?parent=307"}],"curies":[{"name":"wp","href":"https:\/\/api.w.org\/{rel}","templated":true}]}}