{"id":2167,"date":"2018-11-12T14:18:33","date_gmt":"2018-11-12T13:18:33","guid":{"rendered":"https:\/\/www.adeas.org\/?page_id=2167"},"modified":"2025-09-09T18:32:51","modified_gmt":"2025-09-09T16:32:51","slug":"adherer","status":"publish","type":"page","link":"https:\/\/www.adeas.org\/index.php\/adherer\/","title":{"rendered":"Adh\u00e9rer \u00e0 l&rsquo;ADEAS"},"content":{"rendered":"<h2>L\u2019adh\u00e9sion constitue un soutien \u00e0 nos actions, et permet \u00e0 l\u2019association d\u2019agir concr\u00e8tement pour la d\u00e9fense des int\u00e9r\u00eats des salari\u00e9s actionnaires.<\/h2>\n<p>Vous pouvez adh\u00e9rer en ligne par CB sur le site s\u00e9curis\u00e9 de notre partenaire : \u00a0\u00a0 \u00a0\u00a0\u00a0\u00a0\u00a0\u00a0 \u00a0 \u00a0 \u00a0 <a href=\"https:\/\/www.adeas.org\/index.php\/adhesion-en-ligne\"> <img decoding=\"async\" class=\"imagecentre\" src=\"https:\/\/www.adeas.org\/wp-content\/uploads\/2019\/10\/AdhesionEnLigne.png\" alt=\"Adhesion Paiement CB\" \/> <\/a><\/p>\n<p>Vous recevrez un justificatif d&rsquo;adh\u00e9sion par e-mail.<\/p>\n<p>Le montant de l\u2019adh\u00e9sion est modeste (5 \u20ac par an et 10 \u20ac pour une adh\u00e9sion de 3 ans) pour permettre au plus grand nombre d\u2019adh\u00e9rer.<\/p>\n<h2>En adh\u00e9rant \u00e0 l&rsquo;ADEAS :<\/h2>\n<ul>\n<li>vous pouvez participer concr\u00e8tement aux \u00e9changes d&rsquo;id\u00e9es entre les adh\u00e9rents et contribuer \u00e0 la mise au point des actions \u00e0 mener pour d\u00e9fendre les salari\u00e9s actionnaires d&rsquo;Orange et des autres op\u00e9rateurs de t\u00e9l\u00e9coms fran\u00e7ais ;<\/li>\n<li>vous recevez deux fois par an une lettre d&rsquo;information consacr\u00e9e \u00e0 l&rsquo;\u00e9pargne et \u00e0 l&rsquo;actionnariat salari\u00e9, comportant les analyses de l&rsquo;ADEAS, et des informations pratiques pour la gestion de vos actions et produits d&rsquo;\u00e9pargne salariale ;<\/li>\n<li>vous \u00eates invit\u00e9s aux assembl\u00e9es g\u00e9n\u00e9rales de l&rsquo;association.<\/li>\n<\/ul>\n<p>Le montant de l\u2019adh\u00e9sion est modeste (5 \u20ac par an) pour permettre au plus grand nombre d\u2019adh\u00e9rer. Elle constitue un soutien \u00e0 nos actions, et permet \u00e0 l&rsquo;association d&rsquo;agir concr\u00e8tement pour la d\u00e9fense des int\u00e9r\u00eats des salari\u00e9s actionnaires.<\/p>\n<p>A tr\u00e8s bient\u00f4t.<\/p>\n\n\n<p><\/p>\n\n\n\n<p><\/p>\n","protected":false},"excerpt":{"rendered":"<p>L\u2019adh\u00e9sion constitue un soutien \u00e0 nos actions, et permet \u00e0 l\u2019association d\u2019agir concr\u00e8tement pour la d\u00e9fense des int\u00e9r\u00eats des salari\u00e9s actionnaires. Vous pouvez adh\u00e9rer en ligne par CB sur le site s\u00e9curis\u00e9 de notre partenaire : \u00a0\u00a0 \u00a0\u00a0\u00a0\u00a0\u00a0\u00a0 \u00a0 \u00a0 \u00a0 Vous recevrez un justificatif d&rsquo;adh\u00e9sion par e-mail. Le montant de l\u2019adh\u00e9sion est modeste (5 [&hellip;]<\/p>\n","protected":false},"author":8,"featured_media":0,"parent":0,"menu_order":0,"comment_status":"closed","ping_status":"closed","template":"full-width-page.php","meta":{"_monsterinsights_skip_tracking":false,"_monsterinsights_sitenote_active":false,"_monsterinsights_sitenote_note":"","_monsterinsights_sitenote_category":0,"footnotes":""},"class_list":["post-2167","page","type-page","status-publish","hentry"],"_links":{"self":[{"href":"https:\/\/www.adeas.org\/index.php\/wp-json\/wp\/v2\/pages\/2167","targetHints":{"allow":["GET"]}}],"collection":[{"href":"https:\/\/www.adeas.org\/index.php\/wp-json\/wp\/v2\/pages"}],"about":[{"href":"https:\/\/www.adeas.org\/index.php\/wp-json\/wp\/v2\/types\/page"}],"author":[{"embeddable":true,"href":"https:\/\/www.adeas.org\/index.php\/wp-json\/wp\/v2\/users\/8"}],"replies":[{"embeddable":true,"href":"https:\/\/www.adeas.org\/index.php\/wp-json\/wp\/v2\/comments?post=2167"}],"version-history":[{"count":22,"href":"https:\/\/www.adeas.org\/index.php\/wp-json\/wp\/v2\/pages\/2167\/revisions"}],"predecessor-version":[{"id":4323,"href":"https:\/\/www.adeas.org\/index.php\/wp-json\/wp\/v2\/pages\/2167\/revisions\/4323"}],"wp:attachment":[{"href":"https:\/\/www.adeas.org\/index.php\/wp-json\/wp\/v2\/media?parent=2167"}],"curies":[{"name":"wp","href":"https:\/\/api.w.org\/{rel}","templated":true}]}}