{"id":2109,"date":"2018-11-09T10:46:45","date_gmt":"2018-11-09T09:46:45","guid":{"rendered":"https:\/\/www.adeas.org\/?page_id=2109"},"modified":"2018-11-22T12:15:22","modified_gmt":"2018-11-22T11:15:22","slug":"formulaire-adhesion","status":"publish","type":"page","link":"https:\/\/www.adeas.org\/index.php\/formulaire-adhesion\/","title":{"rendered":"Formulaire d&rsquo;adh\u00e9sion"},"content":{"rendered":"<p>Merci de compl\u00e9ter ce formulaire avant d&rsquo;envoyer le r\u00e8glement par courrier :<\/p>\n\n<div class=\"wpcf7 no-js\" id=\"wpcf7-f2201-o1\" lang=\"fr-FR\" dir=\"ltr\" data-wpcf7-id=\"2201\">\n<div class=\"screen-reader-response\"><p role=\"status\" aria-live=\"polite\" aria-atomic=\"true\"><\/p> <ul><\/ul><\/div>\n<form action=\"\/index.php\/wp-json\/wp\/v2\/pages\/2109#wpcf7-f2201-o1\" method=\"post\" class=\"wpcf7-form init cf7skins cf7t-event cf7s-vanilla\" aria-label=\"Formulaire de contact\" novalidate=\"novalidate\" data-status=\"init\">\n<fieldset class=\"hidden-fields-container\"><input type=\"hidden\" name=\"_wpcf7\" value=\"2201\" \/><input type=\"hidden\" name=\"_wpcf7_version\" value=\"6.1.5\" \/><input type=\"hidden\" name=\"_wpcf7_locale\" value=\"fr_FR\" \/><input type=\"hidden\" name=\"_wpcf7_unit_tag\" value=\"wpcf7-f2201-o1\" \/><input type=\"hidden\" name=\"_wpcf7_container_post\" value=\"0\" \/><input type=\"hidden\" name=\"_wpcf7_posted_data_hash\" value=\"\" \/>\n<\/fieldset>\n<fieldset>\n\t<legend>Formulaire d'adh\u00e9sion   <\/legend>\n\t<ol>\n\t\t <span class=\"wpcf7-form-control-wrap\" data-name=\"cf7s-genre\"><select class=\"wpcf7-form-control wpcf7-select wpcf7-validates-as-required\" aria-required=\"true\" aria-invalid=\"false\" name=\"cf7s-genre\"><option value=\"\">&#8212;Veuillez choisir une option&#8212;<\/option><option value=\"Madame\">Madame<\/option><option value=\"Monsieur\">Monsieur<\/option><\/select><\/span> \n\n\t\t Nom *<span class=\"wpcf7-form-control-wrap\" data-name=\"cf7s-nom\"><input size=\"40\" maxlength=\"400\" class=\"wpcf7-form-control wpcf7-text wpcf7-validates-as-required\" aria-required=\"true\" aria-invalid=\"false\" value=\"\" type=\"text\" name=\"cf7s-nom\" \/><\/span>\n\t\t Prenom * <span class=\"wpcf7-form-control-wrap\" data-name=\"cf7s-prenom\"><input size=\"40\" maxlength=\"400\" class=\"wpcf7-form-control wpcf7-text wpcf7-validates-as-required\" aria-required=\"true\" aria-invalid=\"false\" value=\"\" type=\"text\" name=\"cf7s-prenom\" \/><\/span> <\/li>\n<p> &nbsp; <\/p>\n\t\t Adresse personnelle <span class=\"wpcf7-form-control-wrap\" data-name=\"cf7s-adresse\"><input size=\"40\" maxlength=\"400\" class=\"wpcf7-form-control wpcf7-text\" aria-invalid=\"false\" value=\"\" type=\"text\" name=\"cf7s-adresse\" \/><\/span>\n\t\t Code Postal <span class=\"wpcf7-form-control-wrap\" data-name=\"cf7s-codepostal\"><input size=\"40\" maxlength=\"400\" class=\"wpcf7-form-control wpcf7-text\" aria-invalid=\"false\" value=\"\" type=\"text\" name=\"cf7s-codepostal\" \/><\/span> Ville <span class=\"wpcf7-form-control-wrap\" data-name=\"cf7s-ville\"><input size=\"40\" maxlength=\"400\" class=\"wpcf7-form-control wpcf7-text\" aria-invalid=\"false\" value=\"\" type=\"text\" name=\"cf7s-ville\" \/><\/span>\n\n<p> &nbsp; <\/p>\n\t\t E-mail <span class=\"wpcf7-form-control-wrap\" data-name=\"cf7s-email\"><input size=\"40\" maxlength=\"400\" class=\"wpcf7-form-control wpcf7-email wpcf7-validates-as-required wpcf7-text wpcf7-validates-as-email\" aria-required=\"true\" aria-invalid=\"false\" value=\"\" type=\"email\" name=\"cf7s-email\" \/><\/span>\n\t\t T\u00e9l\u00e9phone <span class=\"wpcf7-form-control-wrap\" data-name=\"cf7s-phone\"><input size=\"40\" maxlength=\"400\" class=\"wpcf7-form-control wpcf7-tel wpcf7-text wpcf7-validates-as-tel\" aria-invalid=\"false\" value=\"\" type=\"tel\" name=\"cf7s-phone\" \/><\/span>\n<p> &nbsp; <\/p>\n\t\t Entreprise (Orange, filliale, etc.) <span class=\"wpcf7-form-control-wrap\" data-name=\"cf7s-entreprise\"><input size=\"40\" maxlength=\"400\" class=\"wpcf7-form-control wpcf7-text wpcf7-validates-as-required\" aria-required=\"true\" aria-invalid=\"false\" value=\"\" type=\"text\" name=\"cf7s-entreprise\" \/><\/span>\n<p> &nbsp; <\/p>\n\n\t\t <span class=\"wpcf7-form-control-wrap\" data-name=\"cf7s-checkbox1\"><span class=\"wpcf7-form-control wpcf7-checkbox wpcf7-validates-as-required\"><span class=\"wpcf7-list-item first last\"><input type=\"checkbox\" name=\"cf7s-checkbox1[]\" value=\"J\u2019adh\u00e8re \u00e0 l\u2019Association pour la D\u00e9fense de l\u2019\u00c9pargne et de l\u2019Actionnariat des Salari\u00e9s\" \/><span class=\"wpcf7-list-item-label\">J\u2019adh\u00e8re \u00e0 l\u2019Association pour la D\u00e9fense de l\u2019\u00c9pargne et de l\u2019Actionnariat des Salari\u00e9s<\/span><\/span><\/span><\/span>\n<p> &nbsp; <\/p>\n                 <span class=\"wpcf7-form-control-wrap\" data-name=\"cf7s-checkbox2\"><span class=\"wpcf7-form-control wpcf7-checkbox wpcf7-validates-as-required\"><span class=\"wpcf7-list-item first last\"><input type=\"checkbox\" name=\"cf7s-checkbox2[]\" value=\"Je souhaite recevoir par mail la lettre d\u2019information d\u00e9di\u00e9e \u00e0 l\u2019actionnariat salari\u00e9 (3 fois par an), les alertes de l\u2019ADEAS lorsqu\u2019une action de ma part est requise pour faire valoir mes droits ainsi que les communications li\u00e9es \u00e0 l&#039;association.\" \/><span class=\"wpcf7-list-item-label\">Je souhaite recevoir par mail la lettre d\u2019information d\u00e9di\u00e9e \u00e0 l\u2019actionnariat salari\u00e9 (3 fois par an), les alertes de l\u2019ADEAS lorsqu\u2019une action de ma part est requise pour faire valoir mes droits ainsi que les communications li\u00e9es \u00e0 l&#039;association.<\/span><\/span><\/span><\/span>\n\n<p> &nbsp; <\/p>\n\t\tCommentaire ou information suppl\u00e9mentaire <span class=\"wpcf7-form-control-wrap\" data-name=\"cf7s-commentaire\"><input size=\"40\" maxlength=\"400\" class=\"wpcf7-form-control wpcf7-text\" aria-invalid=\"false\" value=\"\" type=\"text\" name=\"cf7s-commentaire\" \/><\/span>\n\t<\/ol>\n\n<p> &nbsp; <\/p>\n\n\t<input class=\"wpcf7-form-control wpcf7-submit has-spinner\" type=\"submit\" value=\"Valider\" \/>\n\t\n<p> &nbsp; <\/p>\n<p> &nbsp; <\/p>\n<p>* Requis<\/p>\n<\/fieldset><p style=\"display: none !important;\" class=\"akismet-fields-container\" data-prefix=\"_wpcf7_ak_\"><label>&#916;<textarea name=\"_wpcf7_ak_hp_textarea\" cols=\"45\" rows=\"8\" maxlength=\"100\"><\/textarea><\/label><input type=\"hidden\" id=\"ak_js_1\" name=\"_wpcf7_ak_js\" value=\"112\"\/><script type=\"text\/javascript\">\n\/* <![CDATA[ *\/\ndocument.getElementById( \"ak_js_1\" ).setAttribute( \"value\", ( new Date() ).getTime() );\n\/* ]]> *\/\n<\/script>\n<\/p><div class=\"wpcf7-response-output\" aria-hidden=\"true\"><\/div>\n<\/form>\n<\/div>\n\n","protected":false},"excerpt":{"rendered":"<p>Merci de compl\u00e9ter ce formulaire avant d&rsquo;envoyer le r\u00e8glement par courrier :<\/p>\n","protected":false},"author":8,"featured_media":0,"parent":0,"menu_order":0,"comment_status":"closed","ping_status":"closed","template":"full-width-page.php","meta":{"_monsterinsights_skip_tracking":false,"_monsterinsights_sitenote_active":false,"_monsterinsights_sitenote_note":"","_monsterinsights_sitenote_category":0,"footnotes":""},"class_list":["post-2109","page","type-page","status-publish","hentry"],"_links":{"self":[{"href":"https:\/\/www.adeas.org\/index.php\/wp-json\/wp\/v2\/pages\/2109","targetHints":{"allow":["GET"]}}],"collection":[{"href":"https:\/\/www.adeas.org\/index.php\/wp-json\/wp\/v2\/pages"}],"about":[{"href":"https:\/\/www.adeas.org\/index.php\/wp-json\/wp\/v2\/types\/page"}],"author":[{"embeddable":true,"href":"https:\/\/www.adeas.org\/index.php\/wp-json\/wp\/v2\/users\/8"}],"replies":[{"embeddable":true,"href":"https:\/\/www.adeas.org\/index.php\/wp-json\/wp\/v2\/comments?post=2109"}],"version-history":[{"count":11,"href":"https:\/\/www.adeas.org\/index.php\/wp-json\/wp\/v2\/pages\/2109\/revisions"}],"predecessor-version":[{"id":2230,"href":"https:\/\/www.adeas.org\/index.php\/wp-json\/wp\/v2\/pages\/2109\/revisions\/2230"}],"wp:attachment":[{"href":"https:\/\/www.adeas.org\/index.php\/wp-json\/wp\/v2\/media?parent=2109"}],"curies":[{"name":"wp","href":"https:\/\/api.w.org\/{rel}","templated":true}]}}